{"id":30242,"date":"2024-03-06T07:09:47","date_gmt":"2024-03-06T07:09:47","guid":{"rendered":"https:\/\/theme-dev.cmsmasters.net\/dental-clone\/?page_id=30242"},"modified":"2025-07-03T19:55:09","modified_gmt":"2025-07-03T19:55:09","slug":"coming-soon","status":"publish","type":"page","link":"https:\/\/newrozkosmetik.com\/","title":{"rendered":"Coming Soon"},"content":{"rendered":"\t\t<div data-elementor-type=\"wp-page\" data-elementor-id=\"30242\" class=\"elementor elementor-30242\" data-elementor-post-type=\"page\">\n\t\t\t\t<section class=\"elementor-element elementor-element-f1e368e cmsmasters-section-for-header-yes e-flex e-con-boxed cmsmasters-bg-hide-none cmsmasters-bg-hide-none cmsmasters-block-default e-con e-parent\" data-id=\"f1e368e\" data-element_type=\"container\" data-settings=\"{&quot;background_background&quot;:&quot;classic&quot;}\">\n\t\t\t\t\t<div class=\"e-con-inner\">\n\t\t\t\t<div class=\"elementor-element elementor-element-f1db3bc elementor-widget__width-initial elementor-absolute cmsmasters-effect cmsmasters-effect-type-scroll cmsmasters-block-default cmsmasters-sticky-default elementor-invisible elementor-widget elementor-widget-image\" data-id=\"f1db3bc\" data-element_type=\"widget\" data-settings=\"{&quot;_position&quot;:&quot;absolute&quot;,&quot;_animation&quot;:&quot;fadeInDown&quot;,&quot;cms_scroll_effects&quot;:[&quot;vertical&quot;],&quot;cms_scroll_vertical_speed&quot;:{&quot;unit&quot;:&quot;px&quot;,&quot;size&quot;:2,&quot;sizes&quot;:[]},&quot;cms_scroll_viewport&quot;:{&quot;unit&quot;:&quot;%&quot;,&quot;size&quot;:&quot;&quot;,&quot;sizes&quot;:{&quot;start&quot;:90,&quot;end&quot;:100}},&quot;cms_scroll_devices&quot;:[&quot;desktop&quot;,&quot;tablet&quot;],&quot;cms_scroll_vertical&quot;:&quot;yes&quot;,&quot;cms_scroll_vertical_direction&quot;:&quot;default&quot;,&quot;cms_scroll_vertical_timing&quot;:&quot;linear&quot;,&quot;cms_scroll_range&quot;:&quot;viewport&quot;}\" data-widget_type=\"image.default\">\n\t\t\t\t<div class=\"elementor-widget-container\">\n\t\t\t\t\t\t\t\t\t\t\t\t\t\t\t<img fetchpriority=\"high\" decoding=\"async\" width=\"768\" height=\"535\" src=\"https:\/\/newrozkosmetik.com\/wp-content\/uploads\/2025\/02\/newrozkosmetik-logo-colored-30x21.webp\" class=\"attachment-medium_large size-medium_large wp-image-32653 cmsmasters_img cmsmasters-lazyload lazyload\" alt=\"newrozkosmetik logo color\" data-sizes=\"(max-width: 768px) 100vw, 768px\" data-src=\"https:\/\/newrozkosmetik.com\/wp-content\/uploads\/2025\/02\/newrozkosmetik-logo-colored-768x535.webp\" data-srcset=\"https:\/\/newrozkosmetik.com\/wp-content\/uploads\/2025\/02\/newrozkosmetik-logo-colored-768x535.webp 768w, https:\/\/newrozkosmetik.com\/wp-content\/uploads\/2025\/02\/newrozkosmetik-logo-colored-300x209.webp 300w, https:\/\/newrozkosmetik.com\/wp-content\/uploads\/2025\/02\/newrozkosmetik-logo-colored-430x300.webp 430w, https:\/\/newrozkosmetik.com\/wp-content\/uploads\/2025\/02\/newrozkosmetik-logo-colored-30x21.webp 30w, https:\/\/newrozkosmetik.com\/wp-content\/uploads\/2025\/02\/newrozkosmetik-logo-colored-14x10.webp 14w, https:\/\/newrozkosmetik.com\/wp-content\/uploads\/2025\/02\/newrozkosmetik-logo-colored.webp 1000w\" srcset=\"https:\/\/newrozkosmetik.com\/wp-content\/uploads\/2025\/02\/newrozkosmetik-logo-colored-30x21.webp 30w, https:\/\/newrozkosmetik.com\/wp-content\/uploads\/2025\/02\/newrozkosmetik-logo-colored-300x209.webp 300w, https:\/\/newrozkosmetik.com\/wp-content\/uploads\/2025\/02\/newrozkosmetik-logo-colored-768x535.webp 768w, https:\/\/newrozkosmetik.com\/wp-content\/uploads\/2025\/02\/newrozkosmetik-logo-colored-430x300.webp 430w, https:\/\/newrozkosmetik.com\/wp-content\/uploads\/2025\/02\/newrozkosmetik-logo-colored-14x10.webp 14w, https:\/\/newrozkosmetik.com\/wp-content\/uploads\/2025\/02\/newrozkosmetik-logo-colored.webp 1000w\" sizes=\"(max-width: 768px) 100vw, 768px\" \/>\t\t\t\t\t\t\t\t\t\t\t\t\t\t\t<\/div>\n\t\t\t\t<\/div>\n\t\t<div class=\"elementor-element elementor-element-d1d19eb e-con-full e-flex cmsmasters-block-default e-con e-child\" data-id=\"d1d19eb\" data-element_type=\"container\" data-settings=\"{&quot;position&quot;:&quot;absolute&quot;}\">\n\t\t\t\t<div class=\"elementor-element elementor-element-9c2b8e7 elementor-widget__width-initial elementor-hidden-mobile cmsmasters-effect cmsmasters-effect-type-scroll elementor-absolute cmsmasters-block-default cmsmasters-sticky-default elementor-invisible elementor-widget elementor-widget-image\" data-id=\"9c2b8e7\" data-element_type=\"widget\" data-settings=\"{&quot;_animation&quot;:&quot;fadeInUp&quot;,&quot;cms_scroll_effects&quot;:[&quot;vertical&quot;],&quot;cms_scroll_vertical_speed&quot;:{&quot;unit&quot;:&quot;px&quot;,&quot;size&quot;:1,&quot;sizes&quot;:[]},&quot;cms_scroll_vertical_direction&quot;:&quot;reverse&quot;,&quot;cms_scroll_viewport&quot;:{&quot;unit&quot;:&quot;%&quot;,&quot;size&quot;:&quot;&quot;,&quot;sizes&quot;:{&quot;start&quot;:0,&quot;end&quot;:10}},&quot;cms_scroll_devices&quot;:[&quot;desktop&quot;,&quot;tablet&quot;],&quot;_position&quot;:&quot;absolute&quot;,&quot;cms_scroll_vertical&quot;:&quot;yes&quot;,&quot;cms_scroll_vertical_timing&quot;:&quot;linear&quot;,&quot;cms_scroll_range&quot;:&quot;viewport&quot;}\" data-widget_type=\"image.default\">\n\t\t\t\t<div class=\"elementor-widget-container\">\n\t\t\t\t\t\t\t\t\t\t\t\t\t\t\t<img decoding=\"async\" width=\"494\" height=\"320\" src=\"https:\/\/newrozkosmetik.com\/wp-content\/uploads\/2024\/03\/home-2-3-30x19.webp\" class=\"attachment-medium_large size-medium_large wp-image-30247 cmsmasters_img cmsmasters-lazyload lazyload\" alt=\"\" data-sizes=\"(max-width: 494px) 100vw, 494px\" data-src=\"https:\/\/newrozkosmetik.com\/wp-content\/uploads\/2024\/03\/home-2-3.webp\" data-srcset=\"https:\/\/newrozkosmetik.com\/wp-content\/uploads\/2024\/03\/home-2-3.webp 494w, https:\/\/newrozkosmetik.com\/wp-content\/uploads\/2024\/03\/home-2-3-300x194.webp 300w, https:\/\/newrozkosmetik.com\/wp-content\/uploads\/2024\/03\/home-2-3-463x300.webp 463w, https:\/\/newrozkosmetik.com\/wp-content\/uploads\/2024\/03\/home-2-3-30x19.webp 30w, https:\/\/newrozkosmetik.com\/wp-content\/uploads\/2024\/03\/home-2-3-15x10.webp 15w\" srcset=\"https:\/\/newrozkosmetik.com\/wp-content\/uploads\/2024\/03\/home-2-3-30x19.webp 30w, https:\/\/newrozkosmetik.com\/wp-content\/uploads\/2024\/03\/home-2-3-300x194.webp 300w, https:\/\/newrozkosmetik.com\/wp-content\/uploads\/2024\/03\/home-2-3-463x300.webp 463w, https:\/\/newrozkosmetik.com\/wp-content\/uploads\/2024\/03\/home-2-3-15x10.webp 15w, https:\/\/newrozkosmetik.com\/wp-content\/uploads\/2024\/03\/home-2-3.webp 494w\" sizes=\"(max-width: 494px) 100vw, 494px\" \/>\t\t\t\t\t\t\t\t\t\t\t\t\t\t\t<\/div>\n\t\t\t\t<\/div>\n\t\t\t\t<div class=\"elementor-element elementor-element-bacffd8 elementor-widget__width-initial elementor-absolute cmsmasters-effect cmsmasters-effect-type-transform elementor-widget-mobile__width-auto cmsmasters-block-default cmsmasters-sticky-default elementor-widget elementor-widget-image\" data-id=\"bacffd8\" data-element_type=\"widget\" data-settings=\"{&quot;_position&quot;:&quot;absolute&quot;,&quot;cms_transform_hover_type&quot;:&quot;element&quot;}\" data-widget_type=\"image.default\">\n\t\t\t\t<div class=\"elementor-widget-container\">\n\t\t\t\t\t\t\t\t\t\t\t\t\t\t\t<img decoding=\"async\" width=\"145\" height=\"145\" src=\"https:\/\/newrozkosmetik.com\/wp-content\/uploads\/2024\/03\/circle-1-1.svg\" class=\"attachment-thumbnail size-thumbnail wp-image-32060\" alt=\"\">\t\t\t\t\t\t\t\t\t\t\t\t\t\t\t<\/div>\n\t\t\t\t<\/div>\n\t\t\t\t<\/div>\n\t\t<section class=\"elementor-element elementor-element-681c9b8 e-con-full e-flex cmsmasters-block-default e-con e-child\" data-id=\"681c9b8\" data-element_type=\"container\">\n\t\t<div class=\"elementor-element elementor-element-baba276 e-flex e-con-boxed cmsmasters-block-default e-con e-child\" data-id=\"baba276\" data-element_type=\"container\">\n\t\t\t\t\t<div class=\"e-con-inner\">\n\t\t\t\t<div class=\"elementor-element elementor-element-32a8cea elementor-widget__width-auto cmsmasters-block-default cmsmasters-sticky-default elementor-widget elementor-widget-heading\" data-id=\"32a8cea\" data-element_type=\"widget\" data-widget_type=\"heading.default\">\n\t\t\t\t<div class=\"elementor-widget-container\">\n\t\t\t\t\t<h1 class=\"elementor-heading-title elementor-size-default\">Einzigartige Pflegekonzepte.<\/h1>\t\t\t\t<\/div>\n\t\t\t\t<\/div>\n\t\t\t\t<div class=\"elementor-element elementor-element-6ce21cc elementor-widget__width-auto cmsmasters-block-default cmsmasters-sticky-default elementor-widget elementor-widget-heading\" data-id=\"6ce21cc\" data-element_type=\"widget\" data-widget_type=\"heading.default\">\n\t\t\t\t<div class=\"elementor-widget-container\">\n\t\t\t\t\t<span class=\"elementor-heading-title elementor-size-default\">Nat\u00fcrliche Resultate <\/span>\t\t\t\t<\/div>\n\t\t\t\t<\/div>\n\t\t\t\t<div class=\"elementor-element elementor-element-5a2c741 elementor-widget__width-auto cmsmasters-block-default cmsmasters-sticky-default elementor-widget elementor-widget-heading\" data-id=\"5a2c741\" data-element_type=\"widget\" data-widget_type=\"heading.default\">\n\t\t\t\t<div class=\"elementor-widget-container\">\n\t\t\t\t\t<span class=\"elementor-heading-title elementor-size-default\">Wir starten online in...<\/span>\t\t\t\t<\/div>\n\t\t\t\t<\/div>\n\t\t\t\t<div class=\"elementor-element elementor-element-de6de0d cmsmasters-countdown-responsive-view-none cmsmasters-block-default cmsmasters-sticky-default elementor-widget elementor-widget-cmsmasters-countdown\" data-id=\"de6de0d\" data-element_type=\"widget\" data-widget_type=\"cmsmasters-countdown.default\">\n\t\t\t\t<div class=\"elementor-widget-container\">\n\t\t\t\t\t<div data-expire-actions=\"[{&quot;type&quot;:&quot;hide&quot;}]\" class=\"elementor-widget-cmsmasters-countdown__wrapper\" data-date=\"1753920000\"><div class=\"elementor-widget-cmsmasters-countdown__item\"><span class=\"elementor-widget-cmsmasters-countdown__digits elementor-widget-cmsmasters-countdown__days\"><\/span> <span class=\"elementor-widget-cmsmasters-countdown__label\">Days<\/span><\/div><span class=\"elementor-widget-cmsmasters-countdown__colon\"><span>:<\/span><\/span><div class=\"elementor-widget-cmsmasters-countdown__item\"><span class=\"elementor-widget-cmsmasters-countdown__digits elementor-widget-cmsmasters-countdown__hours\"><\/span> <span class=\"elementor-widget-cmsmasters-countdown__label\">Hours<\/span><\/div><span class=\"elementor-widget-cmsmasters-countdown__colon\"><span>:<\/span><\/span><div class=\"elementor-widget-cmsmasters-countdown__item\"><span class=\"elementor-widget-cmsmasters-countdown__digits elementor-widget-cmsmasters-countdown__minutes\"><\/span> <span class=\"elementor-widget-cmsmasters-countdown__label\">Minutes<\/span><\/div><span class=\"elementor-widget-cmsmasters-countdown__colon\"><span>:<\/span><\/span><div class=\"elementor-widget-cmsmasters-countdown__item\"><span class=\"elementor-widget-cmsmasters-countdown__digits elementor-widget-cmsmasters-countdown__seconds\"><\/span> <span class=\"elementor-widget-cmsmasters-countdown__label\">Seconds<\/span><\/div><\/div>\t\t\t\t<\/div>\n\t\t\t\t<\/div>\n\t\t\t\t\t<\/div>\n\t\t\t\t<\/div>\n\t\t\t\t<\/section>\n\t\t<div class=\"elementor-element elementor-element-5b4a6fd e-con-full e-flex cmsmasters-block-default elementor-invisible e-con e-child\" data-id=\"5b4a6fd\" data-element_type=\"container\" data-settings=\"{&quot;animation&quot;:&quot;fadeIn&quot;}\">\n\t\t\t\t<div class=\"elementor-element elementor-element-c0ff06c elementor-widget__width-initial cmsmasters-block-default cmsmasters-sticky-default elementor-widget elementor-widget-heading\" data-id=\"c0ff06c\" data-element_type=\"widget\" data-widget_type=\"heading.default\">\n\t\t\t\t<div class=\"elementor-widget-container\">\n\t\t\t\t\t<span class=\"elementor-heading-title elementor-size-default\">Verleihen Sie Ihrem nat\u00fcrlichen Strahlen mehr Ausdruck.<\/span>\t\t\t\t<\/div>\n\t\t\t\t<\/div>\n\t\t\t\t<div class=\"elementor-element elementor-element-12d9309 elementor-widget__width-initial elementor-widget-widescreen__width-auto cmsmasters-block-default cmsmasters-sticky-default elementor-widget elementor-widget-heading\" data-id=\"12d9309\" data-element_type=\"widget\" data-widget_type=\"heading.default\">\n\t\t\t\t<div class=\"elementor-widget-container\">\n\t\t\t\t\t<span class=\"elementor-heading-title elementor-size-default\">F\u00fchlen Sie sich gro\u00dfartig mit moderner \u00e4sthetischer Medizin.<\/span>\t\t\t\t<\/div>\n\t\t\t\t<\/div>\n\t\t\t\t<\/div>\n\t\t\t\t\t<\/div>\n\t\t\t\t<\/section>\n\t\t<div class=\"elementor-element elementor-element-1b090d4 e-con-full e-flex cmsmasters-block-default e-con e-parent\" data-id=\"1b090d4\" data-element_type=\"container\" data-settings=\"{&quot;background_background&quot;:&quot;classic&quot;}\">\n\t\t\t\t<div class=\"elementor-element elementor-element-85197d7 cmsmasters-block-default cmsmasters-sticky-default elementor-widget elementor-widget-heading\" data-id=\"85197d7\" data-element_type=\"widget\" data-widget_type=\"heading.default\">\n\t\t\t\t<div class=\"elementor-widget-container\">\n\t\t\t\t\t<h2 class=\"elementor-heading-title elementor-size-default\"><a href=\"https:\/\/www.threads.net\/@newrozkosmetik?xmt=AQGzeYIGptU9NFBAikAWeB1QVc7nmIvNxTU5PSzKQhRvtHw\">Instagram @newrozkosmetik<\/a><\/h2>\t\t\t\t<\/div>\n\t\t\t\t<\/div>\n\t\t\t\t<div class=\"elementor-element elementor-element-b667945 elementor-widget-mobile__width-inherit cmsmasters-block-default cmsmasters-sticky-default elementor-widget elementor-widget-cmsmasters-gallery\" data-id=\"b667945\" data-element_type=\"widget\" data-settings=\"{&quot;gallery_layout&quot;:&quot;grid&quot;,&quot;columns&quot;:6,&quot;gap&quot;:{&quot;unit&quot;:&quot;px&quot;,&quot;size&quot;:20,&quot;sizes&quot;:[]},&quot;aspect_ratio&quot;:&quot;1:1&quot;,&quot;columns_tablet&quot;:6,&quot;columns_mobile&quot;:3,&quot;link_to&quot;:&quot;file&quot;,&quot;gap_widescreen&quot;:{&quot;unit&quot;:&quot;px&quot;,&quot;size&quot;:&quot;&quot;,&quot;sizes&quot;:[]},&quot;gap_tablet&quot;:{&quot;unit&quot;:&quot;px&quot;,&quot;size&quot;:10,&quot;sizes&quot;:[]},&quot;gap_mobile&quot;:{&quot;unit&quot;:&quot;px&quot;,&quot;size&quot;:10,&quot;sizes&quot;:[]},&quot;vertical_gap&quot;:{&quot;unit&quot;:&quot;px&quot;,&quot;size&quot;:&quot;&quot;,&quot;sizes&quot;:[]},&quot;vertical_gap_widescreen&quot;:{&quot;unit&quot;:&quot;px&quot;,&quot;size&quot;:&quot;&quot;,&quot;sizes&quot;:[]},&quot;vertical_gap_tablet&quot;:{&quot;unit&quot;:&quot;px&quot;,&quot;size&quot;:&quot;&quot;,&quot;sizes&quot;:[]},&quot;vertical_gap_mobile&quot;:{&quot;unit&quot;:&quot;px&quot;,&quot;size&quot;:&quot;&quot;,&quot;sizes&quot;:[]},&quot;lazyload&quot;:&quot;yes&quot;}\" data-widget_type=\"cmsmasters-gallery.default\">\n\t\t\t\t<div class=\"elementor-widget-container\">\n\t\t\t\t\t<div class=\"elementor-widget-cmsmasters-gallery__container\"><a class=\"e-gallery-item elementor-widget-cmsmasters-gallery__item\" data-elementor-lightbox-slideshow=\"b667945\" href=\"https:\/\/newrozkosmetik.com\/wp-content\/uploads\/2024\/02\/instagram-2.webp\"><div alt=\"\" class=\"e-gallery-image elementor-widget-cmsmasters-gallery__item-image\" data-thumbnail=\"https:\/\/newrozkosmetik.com\/wp-content\/uploads\/2024\/02\/instagram-2.webp\" data-width=\"1024\" data-height=\"1025\"><\/div><\/a><a class=\"e-gallery-item elementor-widget-cmsmasters-gallery__item\" data-elementor-lightbox-slideshow=\"b667945\" href=\"https:\/\/newrozkosmetik.com\/wp-content\/uploads\/2024\/02\/instagram-3.webp\"><div alt=\"\" class=\"e-gallery-image elementor-widget-cmsmasters-gallery__item-image\" data-thumbnail=\"https:\/\/newrozkosmetik.com\/wp-content\/uploads\/2024\/02\/instagram-3.webp\" data-width=\"1024\" data-height=\"1025\"><\/div><\/a><a class=\"e-gallery-item elementor-widget-cmsmasters-gallery__item\" data-elementor-lightbox-slideshow=\"b667945\" href=\"https:\/\/newrozkosmetik.com\/wp-content\/uploads\/2024\/02\/instagram-4.webp\"><div alt=\"\" class=\"e-gallery-image elementor-widget-cmsmasters-gallery__item-image\" data-thumbnail=\"https:\/\/newrozkosmetik.com\/wp-content\/uploads\/2024\/02\/instagram-4.webp\" data-width=\"1024\" data-height=\"1025\"><\/div><\/a><a class=\"e-gallery-item elementor-widget-cmsmasters-gallery__item\" data-elementor-lightbox-slideshow=\"b667945\" href=\"https:\/\/newrozkosmetik.com\/wp-content\/uploads\/2024\/02\/instagram-5.webp\"><div alt=\"\" class=\"e-gallery-image elementor-widget-cmsmasters-gallery__item-image\" data-thumbnail=\"https:\/\/newrozkosmetik.com\/wp-content\/uploads\/2024\/02\/instagram-5.webp\" data-width=\"1024\" data-height=\"1025\"><\/div><\/a><a class=\"e-gallery-item elementor-widget-cmsmasters-gallery__item\" data-elementor-lightbox-slideshow=\"b667945\" href=\"https:\/\/newrozkosmetik.com\/wp-content\/uploads\/2024\/02\/home-1-5.webp\"><div alt=\"\" class=\"e-gallery-image elementor-widget-cmsmasters-gallery__item-image\" data-thumbnail=\"https:\/\/newrozkosmetik.com\/wp-content\/uploads\/2024\/02\/home-1-5.webp\" data-width=\"1024\" data-height=\"1245\"><\/div><\/a><a class=\"e-gallery-item elementor-widget-cmsmasters-gallery__item\" data-elementor-lightbox-slideshow=\"b667945\" href=\"https:\/\/newrozkosmetik.com\/wp-content\/uploads\/2024\/01\/service-9.webp\"><div alt=\"\" class=\"e-gallery-image elementor-widget-cmsmasters-gallery__item-image\" data-thumbnail=\"https:\/\/newrozkosmetik.com\/wp-content\/uploads\/2024\/01\/service-9.webp\" data-width=\"1080\" data-height=\"740\"><\/div><\/a><a class=\"e-gallery-item elementor-widget-cmsmasters-gallery__item\" data-elementor-lightbox-slideshow=\"b667945\" href=\"https:\/\/newrozkosmetik.com\/wp-content\/uploads\/2024\/01\/blog-1.webp\"><div alt=\"blog-1\" class=\"e-gallery-image elementor-widget-cmsmasters-gallery__item-image\" data-thumbnail=\"https:\/\/newrozkosmetik.com\/wp-content\/uploads\/2024\/01\/blog-1.webp\" data-width=\"1480\" data-height=\"840\"><\/div><\/a><a class=\"e-gallery-item elementor-widget-cmsmasters-gallery__item\" data-elementor-lightbox-slideshow=\"b667945\" href=\"https:\/\/newrozkosmetik.com\/wp-content\/uploads\/2025\/02\/475352376_18480691837047421_6085362279550013217_n.jpg\"><div alt=\"\" class=\"e-gallery-image elementor-widget-cmsmasters-gallery__item-image\" data-thumbnail=\"https:\/\/newrozkosmetik.com\/wp-content\/uploads\/2025\/02\/475352376_18480691837047421_6085362279550013217_n.jpg\" data-width=\"1080\" data-height=\"1350\"><\/div><\/a><a class=\"e-gallery-item elementor-widget-cmsmasters-gallery__item\" data-elementor-lightbox-slideshow=\"b667945\" href=\"https:\/\/newrozkosmetik.com\/wp-content\/uploads\/2025\/02\/475340157_18480691846047421_4361236312901697745_n.jpg\"><div alt=\"\" class=\"e-gallery-image elementor-widget-cmsmasters-gallery__item-image\" data-thumbnail=\"https:\/\/newrozkosmetik.com\/wp-content\/uploads\/2025\/02\/475340157_18480691846047421_4361236312901697745_n.jpg\" data-width=\"1080\" data-height=\"1350\"><\/div><\/a><a class=\"e-gallery-item elementor-widget-cmsmasters-gallery__item\" data-elementor-lightbox-slideshow=\"b667945\" href=\"https:\/\/newrozkosmetik.com\/wp-content\/uploads\/2025\/02\/475292688_18480691828047421_5994010701563049986_n.jpg\"><div alt=\"\" class=\"e-gallery-image elementor-widget-cmsmasters-gallery__item-image\" data-thumbnail=\"https:\/\/newrozkosmetik.com\/wp-content\/uploads\/2025\/02\/475292688_18480691828047421_5994010701563049986_n.jpg\" data-width=\"1080\" data-height=\"1346\"><\/div><\/a><a class=\"e-gallery-item elementor-widget-cmsmasters-gallery__item\" data-elementor-lightbox-slideshow=\"b667945\" href=\"https:\/\/newrozkosmetik.com\/wp-content\/uploads\/2024\/03\/gallery-1.webp\"><div alt=\"\" class=\"e-gallery-image elementor-widget-cmsmasters-gallery__item-image\" data-thumbnail=\"https:\/\/newrozkosmetik.com\/wp-content\/uploads\/2024\/03\/gallery-1.webp\" data-width=\"1280\" data-height=\"900\"><\/div><\/a><a class=\"e-gallery-item elementor-widget-cmsmasters-gallery__item\" data-elementor-lightbox-slideshow=\"b667945\" href=\"https:\/\/newrozkosmetik.com\/wp-content\/uploads\/2024\/03\/home-3-8.webp\"><div alt=\"\" class=\"e-gallery-image elementor-widget-cmsmasters-gallery__item-image\" data-thumbnail=\"https:\/\/newrozkosmetik.com\/wp-content\/uploads\/2024\/03\/home-3-8.webp\" data-width=\"1024\" data-height=\"1024\"><\/div><\/a><a class=\"e-gallery-item elementor-widget-cmsmasters-gallery__item\" data-elementor-lightbox-slideshow=\"b667945\" href=\"https:\/\/newrozkosmetik.com\/wp-content\/uploads\/2024\/01\/service-5.webp\"><div alt=\"\" class=\"e-gallery-image elementor-widget-cmsmasters-gallery__item-image\" data-thumbnail=\"https:\/\/newrozkosmetik.com\/wp-content\/uploads\/2024\/01\/service-5.webp\" data-width=\"1080\" data-height=\"740\"><\/div><\/a><a class=\"e-gallery-item elementor-widget-cmsmasters-gallery__item\" data-elementor-lightbox-slideshow=\"b667945\" href=\"https:\/\/newrozkosmetik.com\/wp-content\/uploads\/2024\/01\/service-6.webp\"><div alt=\"\" class=\"e-gallery-image elementor-widget-cmsmasters-gallery__item-image\" data-thumbnail=\"https:\/\/newrozkosmetik.com\/wp-content\/uploads\/2024\/01\/service-6.webp\" data-width=\"1080\" data-height=\"740\"><\/div><\/a><a class=\"e-gallery-item elementor-widget-cmsmasters-gallery__item\" data-elementor-lightbox-slideshow=\"b667945\" href=\"https:\/\/newrozkosmetik.com\/wp-content\/uploads\/2024\/01\/open-post-11.webp\"><div alt=\"\" class=\"e-gallery-image elementor-widget-cmsmasters-gallery__item-image\" data-thumbnail=\"https:\/\/newrozkosmetik.com\/wp-content\/uploads\/2024\/01\/open-post-11.webp\" data-width=\"390\" data-height=\"530\"><\/div><\/a><\/div>\t\t\t\t<\/div>\n\t\t\t\t<\/div>\n\t\t\t\t<\/div>\n\t\t\t\t<\/div>\n\t\t","protected":false},"excerpt":{"rendered":"<p>Einzigartige Pflegekonzepte. Nat\u00fcrliche Resultate Wir starten online in&#8230; Days: Hours: Minutes: Seconds Verleihen Sie Ihrem nat\u00fcrlichen Strahlen mehr Ausdruck. F\u00fchlen Sie sich gro\u00dfartig mit moderner \u00e4sthetischer Medizin. Instagram @newrozkosmetik<\/p>\n","protected":false},"author":1,"featured_media":32702,"parent":0,"menu_order":0,"comment_status":"closed","ping_status":"closed","template":"","meta":{"_acf_changed":false,"footnotes":""},"class_list":["post-30242","page","type-page","status-publish","has-post-thumbnail","hentry"],"acf":[],"aioseo_notices":[],"_links":{"self":[{"href":"https:\/\/newrozkosmetik.com\/index.php?rest_route=\/wp\/v2\/pages\/30242","targetHints":{"allow":["GET"]}}],"collection":[{"href":"https:\/\/newrozkosmetik.com\/index.php?rest_route=\/wp\/v2\/pages"}],"about":[{"href":"https:\/\/newrozkosmetik.com\/index.php?rest_route=\/wp\/v2\/types\/page"}],"author":[{"embeddable":true,"href":"https:\/\/newrozkosmetik.com\/index.php?rest_route=\/wp\/v2\/users\/1"}],"replies":[{"embeddable":true,"href":"https:\/\/newrozkosmetik.com\/index.php?rest_route=%2Fwp%2Fv2%2Fcomments&post=30242"}],"version-history":[{"count":98,"href":"https:\/\/newrozkosmetik.com\/index.php?rest_route=\/wp\/v2\/pages\/30242\/revisions"}],"predecessor-version":[{"id":32762,"href":"https:\/\/newrozkosmetik.com\/index.php?rest_route=\/wp\/v2\/pages\/30242\/revisions\/32762"}],"wp:featuredmedia":[{"embeddable":true,"href":"https:\/\/newrozkosmetik.com\/index.php?rest_route=\/wp\/v2\/media\/32702"}],"wp:attachment":[{"href":"https:\/\/newrozkosmetik.com\/index.php?rest_route=%2Fwp%2Fv2%2Fmedia&parent=30242"}],"curies":[{"name":"wp","href":"https:\/\/api.w.org\/{rel}","templated":true}]}}